{"id":9941,"date":"2026-01-12T19:11:13","date_gmt":"2026-01-12T18:11:13","guid":{"rendered":"https:\/\/paulinagreen.com\/?page_id=9941"},"modified":"2026-05-13T14:27:51","modified_gmt":"2026-05-13T12:27:51","slug":"security-and-gdpr","status":"publish","type":"page","link":"https:\/\/paulinagreen.com\/en\/security-and-gdpr\/","title":{"rendered":"Security and GDPR"},"content":{"rendered":"\t\t<div data-elementor-type=\"wp-page\" data-elementor-id=\"9941\" class=\"elementor elementor-9941\" data-elementor-post-type=\"page\">\n\t\t\t\t<div class=\"elementor-element elementor-element-26d050f e-grid e-con-boxed e-con e-parent\" data-id=\"26d050f\" data-element_type=\"container\" data-e-type=\"container\">\n\t\t\t\t\t<div class=\"e-con-inner\">\n\t\t\t\t<div class=\"elementor-element elementor-element-ff13fd1 elementor-widget elementor-widget-heading\" data-id=\"ff13fd1\" data-element_type=\"widget\" data-e-type=\"widget\" data-widget_type=\"heading.default\">\n\t\t\t\t\t<h2 class=\"elementor-heading-title elementor-size-default\">Vertrauen &amp; Sicherheit:<br>F\u00fcr Lehrer gebaut. <br> Transparent gemacht.<\/strong><\/h2>\t\t\t\t<\/div>\n\t\t\t\t\t<\/div>\n\t\t\t\t<\/div>\n\t\t<div class=\"elementor-element elementor-element-b637e0b e-flex e-con-boxed e-con e-parent\" data-id=\"b637e0b\" data-element_type=\"container\" data-e-type=\"container\">\n\t\t\t\t\t<div class=\"e-con-inner\">\n\t\t\t\t<div class=\"elementor-element elementor-element-812a0f6 elementor-widget elementor-widget-text-editor\" data-id=\"812a0f6\" data-element_type=\"widget\" data-e-type=\"widget\" data-widget_type=\"text-editor.default\">\n\t\t\t\t\t\t\t\t\t<p><strong>Datenschutz &amp; Datenverarbeitung<\/strong> <br \/>Paulina folgt den Grunds\u00e4tzen der DSGVO-konformen Datenverarbeitung und wendet strenge Datensparsamkeit an. Sie greift \u00fcber API Integration auf KI Anbieter (derzeit OpenAI und Anthropic) zur\u00fcck, ist aber in der EU gehostet.<\/p><p class=\"font-claude-response-body break-words whitespace-normal leading-[1.7]\"><strong>Chat-Interaktionen<\/strong> <br \/>sind im Gegensatz zu anderen Anbietern technisch auf Kurzlebigkeit ausgelegt. <strong>Sitzungen und deren Inhalte werden gel\u00f6scht, ebenso wie User Profile. Genauere Informationen bitte den Datenschutzvereinbarungen entnehmen.<\/strong> Technisch zwischengespeicherte Daten werden automatisch innerhalb von 24 Stunden bis eine Woche (s.o.) entfernt. Gespr\u00e4chsverl\u00e4ufe und erstellte Dokumente werden nicht langfristig gespeichert.<\/p><p class=\"font-claude-response-body break-words whitespace-normal leading-[1.7]\">Dieses Verhalten ist technisch umgesetzt, nicht manuell.<\/p><p><strong>Nutzung von KI-Technologie Dritter<\/strong> <br \/>Ein Teil des technischen Fundaments von Paulina basiert auf KI-Technologie eines Drittanbieters (derzeit OpenAI und Anthropic API). Diese Abh\u00e4ngigkeit wird offen kommuniziert.\u00a0<\/p><p class=\"font-claude-response-body break-words whitespace-normal leading-[1.7]\">Paulina selbst:<\/p><ul class=\"[li_&amp;]:mb-0 [li_&amp;]:mt-1 [li_&amp;]:gap-1 [&amp;:not(:last-child)_ul]:pb-1 [&amp;:not(:last-child)_ol]:pb-1 list-disc flex flex-col gap-1 pl-8 mb-3\"><li class=\"whitespace-normal break-words pl-2\">kontrolliert oder modifiziert das zugrundeliegende KI-Modell nicht<\/li><li class=\"whitespace-normal break-words pl-2\">verwendet Lehrerinhalte nicht zum Training eigener KI-Modelle<\/li><li class=\"whitespace-normal break-words pl-2\">monetarisiert \u00fcbermittelte Daten nicht &#8211; sie konzentriert sich auf Content f\u00fcr Lehrer\u00a0<\/li><\/ul><p class=\"font-claude-response-body break-words whitespace-normal leading-[1.7]\">Wie die meisten modernen KI-Anwendungen nutzt Paulina etablierte Infrastruktur statt propriet\u00e4rer Modelle. Details sind transparent in der Datenschutzerkl\u00e4rung und den Richtlinien der verwendeten Drittanbieter dokumentiert.<\/p><p><strong>Kein Training, kein Weiterverkauf<\/strong> <br \/>Eingaben von Lehrkr\u00e4ften werden nicht zum Training von KI-Modellen verwendet und von Paulina weder verkauft, lizenziert noch weiterverwendet.<\/p><p><strong>Europ\u00e4isches Hosting<\/strong> <br \/>Die Plattforminfrastruktur wird in europ\u00e4ischen Rechenzentren gehostet. Hostinganbieter ist IONOS (EU). Dies unterst\u00fctzt europ\u00e4ische Datenschutzstandards und rechtliche Rechenschaftspflicht.<\/p><p><strong>Cookies &amp; Website-Funktionalit\u00e4t<\/strong> <br \/>Es werden ausschlie\u00dflich technisch notwendige Cookies verwendet f\u00fcr:<\/p><ul class=\"[li_&amp;]:mb-0 [li_&amp;]:mt-1 [li_&amp;]:gap-1 [&amp;:not(:last-child)_ul]:pb-1 [&amp;:not(:last-child)_ol]:pb-1 list-disc flex flex-col gap-1 pl-8 mb-3\"><li class=\"whitespace-normal break-words pl-2\">Grundfunktionalit\u00e4t<\/li><li class=\"whitespace-normal break-words pl-2\">Sicherheit<\/li><li class=\"whitespace-normal break-words pl-2\">Sitzungsstabilit\u00e4t<\/li><\/ul><p class=\"font-claude-response-body break-words whitespace-pre-wrap leading-[1.7]\">Ohne ausdr\u00fcckliche Einwilligung werden keine Marketing- oder Tracking-Cookies eingesetzt. Details sind in der Cookie-Richtlinie verf\u00fcgbar.<\/p><p><strong>Professioneller Fokus &amp; Ausschlie\u00dflichkeit<\/strong><br \/><a class=\"underline underline underline-offset-2 decoration-1 decoration-current\/40 hover:decoration-current focus:decoration-current\" href=\"http:\/\/www.paulinagreen.com\/\">www.paulinagreen.com<\/a> ist ausschlie\u00dflich f\u00fcr erwachsene Lehrkr\u00e4fte konzipiert. Das ist eine bewusste Entscheidung. Paulina m\u00f6chte nicht f\u00fcr alle da sein. Sie ist daf\u00fcr entwickelt, Lehrkr\u00e4fte zu begleiten, die sich entscheiden, ihr professionell zu vertrauen und mit ihr zu arbeiten. Es gibt viele Plattformen f\u00fcr Sch\u00fclerinnen und Sch\u00fcler. Diese hier ist f\u00fcr Lehrkr\u00e4fte.<\/p><p><strong>Absolute Autonomie &amp; Nutzung der Ergebnisse vom jeweiligen User<\/strong><br \/>Erstellte Materialien werden individuell als herunterladbare Dokumente bereitgestellt. Lehrkr\u00e4fte d\u00fcrfen:<\/p><ul class=\"[li_&amp;]:mb-0 [li_&amp;]:mt-1 [li_&amp;]:gap-1 [&amp;:not(:last-child)_ul]:pb-1 [&amp;:not(:last-child)_ol]:pb-1 list-disc flex flex-col gap-1 pl-8 mb-3\"><li class=\"whitespace-normal break-words pl-2\">sie f\u00fcr eigene Unterrichtszwecke anpassen<\/li><li class=\"whitespace-normal break-words pl-2\">sie f\u00fcr den individuellen professionellen Einsatz kopieren<\/li><li class=\"whitespace-normal break-words pl-2\">sie in einem p\u00e4dagogischen Kontext mit Kolleginnen und Kollegen teilen<\/li><\/ul><p class=\"font-claude-response-body break-words whitespace-normal leading-[1.7]\">Der kommerzielle Weiterverkauf oder die Lizenzierung erstellter Materialien sowie die Nutzung durch Gruppen oder Organisationen ist <strong>nicht gestattet.<\/strong><\/p><p class=\"font-claude-response-body break-words whitespace-pre-wrap leading-[1.7]\"><strong>F\u00fcr den individuellen professionellen Einsatz verbleiben Nutzungsentscheidungen vollst\u00e4ndig bei der Lehrkraft. Paulina stellt Unterst\u00fctzungswerkzeuge zur Verf\u00fcgung, keine professionellen Urteile oder rechtliche Verantwortung.<\/strong><\/p><p><strong>Ver\u00e4nderung, Wahlfreiheit &amp; Technologieausstieg<\/strong> <br \/>Beziehungen und Plattformen entwickeln sich weiter. Bei \u00c4nderungen der Bedingungen werden Nutzerinnen und Nutzer transparent informiert. Die Teilnahme ist freiwillig, eine K\u00fcndigung ist jederzeit m\u00f6glich, und Zahlungsbedingungen werden klar kommuniziert. Vertrauen schlie\u00dft die Freiheit ein, einfach zu gehen.<\/p><p><strong>Transparenz<\/strong> <br \/>Paulina ist ein KI-basierter Bildungsbegleiter. Vertrauen wird durch Klarheit, Offenheit und Zur\u00fcckhaltung aufrechterhalten. Wir bevorzugen transparente Grenzen gegen\u00fcber vagen Zusicherungen.<\/p><p class=\"font-claude-response-body break-words whitespace-normal leading-[1.7]\"><strong>Von Lehrkr\u00e4ften f\u00fcr Lehrkr\u00e4fte entwickelt.<\/strong> \ud83c\udf3b<\/p>\t\t\t\t\t\t\t\t<\/div>\n\t\t\t\t\t<\/div>\n\t\t\t\t<\/div>\n\t\t\t\t<\/div>\n\t\t","protected":false},"excerpt":{"rendered":"<p>Vertrauen &amp; Sicherheit:F\u00fcr Lehrer gebaut. Transparent gemacht. Datenschutz &amp; Datenverarbeitung Paulina folgt den Grunds\u00e4tzen der DSGVO-konformen Datenverarbeitung und wendet strenge Datensparsamkeit an. Sie greift \u00fcber API Integration auf KI Anbieter (derzeit OpenAI und Anthropic) zur\u00fcck, ist aber in der EU gehostet. Chat-Interaktionen sind im Gegensatz zu anderen Anbietern technisch auf Kurzlebigkeit ausgelegt. Sitzungen und deren [&hellip;]<\/p>\n","protected":false},"author":1,"featured_media":0,"parent":0,"menu_order":0,"comment_status":"closed","ping_status":"closed","template":"","meta":{"_surecart_dashboard_logo_width":"180px","_surecart_dashboard_show_logo":true,"_surecart_dashboard_navigation_orders":true,"_surecart_dashboard_navigation_invoices":true,"_surecart_dashboard_navigation_subscriptions":true,"_surecart_dashboard_navigation_downloads":true,"_surecart_dashboard_navigation_billing":true,"_surecart_dashboard_navigation_account":true,"footnotes":""},"class_list":["post-9941","page","type-page","status-publish","hentry"],"_links":{"self":[{"href":"https:\/\/paulinagreen.com\/en\/wp-json\/wp\/v2\/pages\/9941","targetHints":{"allow":["GET"]}}],"collection":[{"href":"https:\/\/paulinagreen.com\/en\/wp-json\/wp\/v2\/pages"}],"about":[{"href":"https:\/\/paulinagreen.com\/en\/wp-json\/wp\/v2\/types\/page"}],"author":[{"embeddable":true,"href":"https:\/\/paulinagreen.com\/en\/wp-json\/wp\/v2\/users\/1"}],"replies":[{"embeddable":true,"href":"https:\/\/paulinagreen.com\/en\/wp-json\/wp\/v2\/comments?post=9941"}],"version-history":[{"count":158,"href":"https:\/\/paulinagreen.com\/en\/wp-json\/wp\/v2\/pages\/9941\/revisions"}],"predecessor-version":[{"id":27407,"href":"https:\/\/paulinagreen.com\/en\/wp-json\/wp\/v2\/pages\/9941\/revisions\/27407"}],"wp:attachment":[{"href":"https:\/\/paulinagreen.com\/en\/wp-json\/wp\/v2\/media?parent=9941"}],"curies":[{"name":"wp","href":"https:\/\/api.w.org\/{rel}","templated":true}]}}