{"id":3919,"date":"2025-09-02T13:22:19","date_gmt":"2025-09-02T11:22:19","guid":{"rendered":"https:\/\/paulinagreen.com\/?page_id=3919"},"modified":"2026-03-25T19:35:26","modified_gmt":"2026-03-25T18:35:26","slug":"impressum","status":"publish","type":"page","link":"https:\/\/paulinagreen.com\/en\/impressum\/","title":{"rendered":"Imprint"},"content":{"rendered":"<div data-elementor-type=\"wp-page\" data-elementor-id=\"3919\" class=\"elementor elementor-3919\" data-elementor-post-type=\"page\">\n\t\t\t\t<div class=\"elementor-element elementor-element-024c081 e-flex e-con-boxed e-con e-parent\" data-id=\"024c081\" data-element_type=\"container\" data-e-type=\"container\">\n\t\t\t\t\t<div class=\"e-con-inner\">\n\t\t\t\t<div class=\"elementor-element elementor-element-231ef89 elementor-widget elementor-widget-text-editor\" data-id=\"231ef89\" data-element_type=\"widget\" data-e-type=\"widget\" data-widget_type=\"text-editor.default\">\n\t\t\t\t\t\t\t\t\t<p><strong>Imprint<\/strong><\/p><p>Disclosure according to Section 5 ECG and Section 25 Media Act<\/p><p>Media owner &amp; website operator:<br \/>Melanie Liebisch<br \/>Sole Proprietor\nServices in automated data processing and information technology<\/p><p>\u2013\u00a0<\/p><p>hello@paulinagreen.com<br \/><a href=\"https:\/\/paulinagreen.com\/en\/kontakt\/\">Contact form: www.paulinagreen\/kontakt<\/a><\/p><p>www.paulinagreen.com\u00a0<\/p><p><strong>Business purpose:<\/strong><br \/>Copywriting, communication concepts, digital content &amp; AI-supported support in education.<\/p><p><strong>Supervisory authority:<\/strong>\u00a0District Authority Salzburg-Umgebung<br \/><strong>Membership:<\/strong>\u00a0Austrian Federal Economic Chamber (Advertising &amp; Market Communications Section)<br \/><strong>Professional legal basis:<\/strong>\u00a0Gewerbeordnung (www.ris.bka.gv.at)<\/p><p><strong>VAT:<\/strong>\u00a0Small business owner according to Section 6 Paragraph 1 Item 27 UStG (no VAT identification).<\/p><p><strong>Online dispute resolution:<\/strong><br \/>EU Commission platform:\u00a0<a href=\"https:\/\/ec.europa.eu\/consumers\/odr?utm_source=chatgpt.com\">https:\/\/ec.europa.eu\/consumers\/odr<\/a><br \/>We are neither obliged nor willing to participate in dispute resolution proceedings before a consumer arbitration board.<\/p><p><strong>Disclaimer:<\/strong><br \/>All content on this website has been created with the utmost care. However, I assume no liability for its accuracy, completeness, or timeliness. Use is at your own risk.<\/p><p><strong>Liability for links and API integration:<\/strong><br \/>The providers of external content are solely responsible for their content.<\/p><p><strong>Copyright:<\/strong><br \/>All texts, concepts, and content on this website are subject to Austrian copyright law. Reproduction or use is prohibited without prior written consent.<\/p><p><strong>Note on AI content:<\/strong><br \/>Some of the content is generated automatically using external AI systems (currently OpenAI\/ChatGPT). This content is provided by third-party services, and users are solely responsible for its accuracy and suitability.<\/p><p>Status: Salzburg, 04.01.2026<\/p>\t\t\t\t\t\t\t\t<\/div>\n\t\t\t\t\t<\/div>\n\t\t\t\t<\/div>\n\t\t\t\t<\/div>","protected":false},"excerpt":{"rendered":"<p>Impressum Offenlegung gem\u00e4\u00df \u00a7 5 ECG und \u00a7 25 Mediengesetz Medieninhaberin &amp; Betreiberin der Website:MMag. Melanie LiebischEinzelunternehmerin \u2013 Dienstleistungen in der automatischen Datenverarbeitung und Informationstechnik \u2013\u00a0 hello@paulinagreen.comKontaktformular: www.paulinagreen\/kontakt www.paulinagreen.com\u00a0 Unternehmensgegenstand:Texterstellung, Kommunikationskonzepte, digitale Inhalte &amp; KI-gest\u00fctzte Unterst\u00fctzung im Bildungsbereich. Aufsichtsbeh\u00f6rde:\u00a0Bezirkshauptmannschaft Salzburg-UmgebungMitgliedschaft:\u00a0Wirtschaftskammer \u00d6sterreich (Fachgruppe Werbung &amp; Marktkommunikation)Berufsrechtliche Grundlage:\u00a0Gewerbeordnung (www.ris.bka.gv.at) Umsatzsteuer:\u00a0Kleinunternehmerin gem. \u00a7 6 Abs. 1 Z 27 [&hellip;]<\/p>\n","protected":false},"author":1,"featured_media":0,"parent":0,"menu_order":0,"comment_status":"closed","ping_status":"closed","template":"","meta":{"_surecart_dashboard_logo_width":"180px","_surecart_dashboard_show_logo":true,"_surecart_dashboard_navigation_orders":true,"_surecart_dashboard_navigation_invoices":true,"_surecart_dashboard_navigation_subscriptions":true,"_surecart_dashboard_navigation_downloads":true,"_surecart_dashboard_navigation_billing":true,"_surecart_dashboard_navigation_account":true,"footnotes":""},"class_list":["post-3919","page","type-page","status-publish","hentry"],"_links":{"self":[{"href":"https:\/\/paulinagreen.com\/en\/wp-json\/wp\/v2\/pages\/3919","targetHints":{"allow":["GET"]}}],"collection":[{"href":"https:\/\/paulinagreen.com\/en\/wp-json\/wp\/v2\/pages"}],"about":[{"href":"https:\/\/paulinagreen.com\/en\/wp-json\/wp\/v2\/types\/page"}],"author":[{"embeddable":true,"href":"https:\/\/paulinagreen.com\/en\/wp-json\/wp\/v2\/users\/1"}],"replies":[{"embeddable":true,"href":"https:\/\/paulinagreen.com\/en\/wp-json\/wp\/v2\/comments?post=3919"}],"version-history":[{"count":64,"href":"https:\/\/paulinagreen.com\/en\/wp-json\/wp\/v2\/pages\/3919\/revisions"}],"predecessor-version":[{"id":17618,"href":"https:\/\/paulinagreen.com\/en\/wp-json\/wp\/v2\/pages\/3919\/revisions\/17618"}],"wp:attachment":[{"href":"https:\/\/paulinagreen.com\/en\/wp-json\/wp\/v2\/media?parent=3919"}],"curies":[{"name":"wp","href":"https:\/\/api.w.org\/{rel}","templated":true}]}}