{"id":17944,"date":"2026-03-30T14:41:38","date_gmt":"2026-03-30T12:41:38","guid":{"rendered":"https:\/\/paulinagreen.com\/?page_id=17944"},"modified":"2026-03-30T15:21:50","modified_gmt":"2026-03-30T13:21:50","slug":"erklaerung-zur-barrierefreiheit","status":"publish","type":"page","link":"https:\/\/paulinagreen.com\/en\/erklaerung-zur-barrierefreiheit\/","title":{"rendered":"Erkl\u00e4rung zur Barrierefreiheit"},"content":{"rendered":"<div data-elementor-type=\"wp-page\" data-elementor-id=\"17944\" class=\"elementor elementor-17944\" data-elementor-post-type=\"page\">\n\t\t\t\t<div class=\"elementor-element elementor-element-2d0e859 e-flex e-con-boxed e-con e-parent\" data-id=\"2d0e859\" data-element_type=\"container\" data-e-type=\"container\">\n\t\t\t\t\t<div class=\"e-con-inner\">\n\t\t\t\t<div class=\"elementor-element elementor-element-abb279b elementor-widget elementor-widget-heading\" data-id=\"abb279b\" data-element_type=\"widget\" data-e-type=\"widget\" data-widget_type=\"heading.default\">\n\t\t\t\t\t<h2 class=\"elementor-heading-title elementor-size-default\">Erkl\u00e4rung zur Barrierefreiheit\n<br>Stand: Januar 2026<\/h2>\t\t\t\t<\/div>\n\t\t\t\t\t<\/div>\n\t\t\t\t<\/div>\n\t\t<div class=\"elementor-element elementor-element-63744af e-flex e-con-boxed e-con e-parent\" data-id=\"63744af\" data-element_type=\"container\" data-e-type=\"container\">\n\t\t\t\t\t<div class=\"e-con-inner\">\n\t\t\t\t<div class=\"elementor-element elementor-element-96da5e6 elementor-widget elementor-widget-text-editor\" data-id=\"96da5e6\" data-element_type=\"widget\" data-e-type=\"widget\" data-widget_type=\"text-editor.default\">\n\t\t\t\t\t\t\t\t\t<p>Paulina Green ist bem\u00fcht, ihre Website paulinagreen.com im Einklang mit dem Barrierefreiheitsst\u00e4rkungsgesetz (BFSG) und der europ\u00e4ischen Norm EN 301 549 barrierefrei zug\u00e4nglich zu gestalten.<\/p><p><strong>Stand der Barrierefreiheit<\/strong><br \/>Diese Website ist weitgehend barrierefrei. Eine technische Pr\u00fcfung im M\u00e4rz 2026 ergab einen Barrierefreiheitswert von 95 %. Die Anforderungen der WCAG 2.1 Level AA werden gr\u00f6\u00dftenteils erf\u00fcllt.<\/p><p><strong>Bekannte Einschr\u00e4nkungen<\/strong><br \/>Trotz unserer Bem\u00fchungen k\u00f6nnen folgende Bereiche Einschr\u00e4nkungen aufweisen:<\/p><ul><li>Kontraste bei einzelnen Designelementen (Promotion &#8222;whisper&#8220; im Chat Fenster).\u00a0<\/li><li>Eingebettete Inhalte: Externe Medien (Videos, Widgets) entsprechen m\u00f6glicherweise nicht vollst\u00e4ndig den Barrierefreiheitsstandards<\/li><li>PDF-Dokumente: \u00c4ltere PDF-Dateien sind m\u00f6glicherweise nicht vollst\u00e4ndig barrierefrei<\/li><li>Dynamische Inhalte: KI-generierte Inhalte k\u00f6nnen in der Struktur variieren<\/li><\/ul><p>Wir arbeiten kontinuierlich an der Verbesserung der Barrierefreiheit.<\/p><p><strong>Feedback und Kontakt<\/strong><br \/>Wenn Sie auf Barrieren sto\u00dfen oder zus\u00e4tzliche Verbesserungsvorschl\u00e4ge haben, kontaktieren Sie uns bitte \u00fcber unseren <a href=\"https:\/\/paulinagreen.com\/en\/kontakt\/\">Contact<\/a>.<\/p><p class=\"font_8 wixui-rich-text__text\"><strong><span class=\"wixui-rich-text__text\">Zielsetzung<\/span><\/strong><br class=\"wixui-rich-text__text\" \/>Wir von paulinagreen.com sind \u00fcberzeugt, dass digitale Barrierefreiheit mehr ist als eine gesetzliche Verpflichtung. Wir sehen es als nat\u00fcrlich an, unsere Kommunikation so optimal wie m\u00f6glich f\u00fcr unsere Nutzer zu gestalten.\u00a0<\/p><p>Diese Erkl\u00e4rung wurde am 30. M\u00e4rz 2026 erstellt.<\/p>\t\t\t\t\t\t\t\t<\/div>\n\t\t\t\t\t<\/div>\n\t\t\t\t<\/div>\n\t\t\t\t<\/div>","protected":false},"excerpt":{"rendered":"<p>Erkl\u00e4rung zur Barrierefreiheit Stand: Januar 2026 Paulina Green ist bem\u00fcht, ihre Website paulinagreen.com im Einklang mit dem Barrierefreiheitsst\u00e4rkungsgesetz (BFSG) und der europ\u00e4ischen Norm EN 301 549 barrierefrei zug\u00e4nglich zu gestalten. Stand der BarrierefreiheitDiese Website ist weitgehend barrierefrei. Eine technische Pr\u00fcfung im M\u00e4rz 2026 ergab einen Barrierefreiheitswert von 95 %. Die Anforderungen der WCAG 2.1 Level [&hellip;]<\/p>\n","protected":false},"author":1,"featured_media":0,"parent":0,"menu_order":0,"comment_status":"closed","ping_status":"closed","template":"","meta":{"_surecart_dashboard_logo_width":"180px","_surecart_dashboard_show_logo":true,"_surecart_dashboard_navigation_orders":true,"_surecart_dashboard_navigation_invoices":true,"_surecart_dashboard_navigation_subscriptions":true,"_surecart_dashboard_navigation_downloads":true,"_surecart_dashboard_navigation_billing":true,"_surecart_dashboard_navigation_account":true,"footnotes":""},"class_list":["post-17944","page","type-page","status-publish","hentry"],"_links":{"self":[{"href":"https:\/\/paulinagreen.com\/en\/wp-json\/wp\/v2\/pages\/17944","targetHints":{"allow":["GET"]}}],"collection":[{"href":"https:\/\/paulinagreen.com\/en\/wp-json\/wp\/v2\/pages"}],"about":[{"href":"https:\/\/paulinagreen.com\/en\/wp-json\/wp\/v2\/types\/page"}],"author":[{"embeddable":true,"href":"https:\/\/paulinagreen.com\/en\/wp-json\/wp\/v2\/users\/1"}],"replies":[{"embeddable":true,"href":"https:\/\/paulinagreen.com\/en\/wp-json\/wp\/v2\/comments?post=17944"}],"version-history":[{"count":61,"href":"https:\/\/paulinagreen.com\/en\/wp-json\/wp\/v2\/pages\/17944\/revisions"}],"predecessor-version":[{"id":18010,"href":"https:\/\/paulinagreen.com\/en\/wp-json\/wp\/v2\/pages\/17944\/revisions\/18010"}],"wp:attachment":[{"href":"https:\/\/paulinagreen.com\/en\/wp-json\/wp\/v2\/media?parent=17944"}],"curies":[{"name":"wp","href":"https:\/\/api.w.org\/{rel}","templated":true}]}}