{"id":16985,"date":"2026-03-22T23:30:05","date_gmt":"2026-03-22T22:30:05","guid":{"rendered":"https:\/\/paulinagreen.com\/?page_id=16985"},"modified":"2026-04-13T12:35:46","modified_gmt":"2026-04-13T10:35:46","slug":"how-it-works","status":"publish","type":"page","link":"https:\/\/paulinagreen.com\/en\/how-it-works\/","title":{"rendered":"How it works"},"content":{"rendered":"<div data-elementor-type=\"wp-page\" data-elementor-id=\"16985\" class=\"elementor elementor-16985\" data-elementor-post-type=\"page\">\n\t\t\t\t<div class=\"elementor-element elementor-element-07defeb e-flex e-con-boxed e-con e-parent\" data-id=\"07defeb\" data-element_type=\"container\" data-e-type=\"container\">\n\t\t\t\t\t<div class=\"e-con-inner\">\n\t\t<div class=\"elementor-element elementor-element-769ddb0 e-con-full e-flex e-con e-child\" data-id=\"769ddb0\" data-element_type=\"container\" data-e-type=\"container\">\n\t\t\t\t<div class=\"elementor-element elementor-element-397e04c elementor-align-center elementor-icon-list--layout-traditional elementor-list-item-link-full_width elementor-widget elementor-widget-icon-list\" data-id=\"397e04c\" data-element_type=\"widget\" data-e-type=\"widget\" data-widget_type=\"icon-list.default\">\n\t\t\t\t\t\t\t<ul class=\"elementor-icon-list-items\">\n\t\t\t\t\t\t\t<li class=\"elementor-icon-list-item\">\n\t\t\t\t\t\t\t\t\t\t<span class=\"elementor-icon-list-text\">Three steps. <br>That's all.<\/span>\n\t\t\t\t\t\t\t\t\t<\/li>\n\t\t\t\t\t\t<\/ul>\n\t\t\t\t\t\t<\/div>\n\t\t\t\t<div class=\"elementor-element elementor-element-29b6fce elementor-align-center elementor-icon-list--layout-traditional elementor-list-item-link-full_width elementor-widget elementor-widget-icon-list\" data-id=\"29b6fce\" data-element_type=\"widget\" data-e-type=\"widget\" data-widget_type=\"icon-list.default\">\n\t\t\t\t\t\t\t<ul class=\"elementor-icon-list-items\">\n\t\t\t\t\t\t\t<li class=\"elementor-icon-list-item\">\n\t\t\t\t\t\t\t\t\t\t<span class=\"elementor-icon-list-text\">1.<\/span>\n\t\t\t\t\t\t\t\t\t<\/li>\n\t\t\t\t\t\t<\/ul>\n\t\t\t\t\t\t<\/div>\n\t\t\t\t<div class=\"elementor-element elementor-element-cc715af elementor-widget elementor-widget-text-editor\" data-id=\"cc715af\" data-element_type=\"widget\" data-e-type=\"widget\" data-widget_type=\"text-editor.default\">\n\t\t\t\t\t\t\t\t\t<p>Tell Paulina what you need.<\/p>\t\t\t\t\t\t\t\t<\/div>\n\t\t\t\t<div class=\"elementor-element elementor-element-ea1ab7c elementor-widget__width-inherit elementor-widget elementor-widget-text-editor\" data-id=\"ea1ab7c\" data-element_type=\"widget\" data-e-type=\"widget\" data-widget_type=\"text-editor.default\">\n\t\t\t\t\t\t\t\t\t<p>Subject, topic, grade,&nbsp;<\/p><p>Add a second language if you like.&nbsp;<\/p>\t\t\t\t\t\t\t\t<\/div>\n\t\t\t\t<div class=\"elementor-element elementor-element-5f04633 elementor-align-center elementor-icon-list--layout-traditional elementor-list-item-link-full_width elementor-widget elementor-widget-icon-list\" data-id=\"5f04633\" data-element_type=\"widget\" data-e-type=\"widget\" data-widget_type=\"icon-list.default\">\n\t\t\t\t\t\t\t<ul class=\"elementor-icon-list-items\">\n\t\t\t\t\t\t\t<li class=\"elementor-icon-list-item\">\n\t\t\t\t\t\t\t\t\t\t<span class=\"elementor-icon-list-text\">2.<\/span>\n\t\t\t\t\t\t\t\t\t<\/li>\n\t\t\t\t\t\t<\/ul>\n\t\t\t\t\t\t<\/div>\n\t\t\t\t<div class=\"elementor-element elementor-element-d5b88b9 elementor-widget elementor-widget-text-editor\" data-id=\"d5b88b9\" data-element_type=\"widget\" data-e-type=\"widget\" data-widget_type=\"text-editor.default\">\n\t\t\t\t\t\t\t\t\t<p>She asks smart follow-ups.\u00a0<\/p>\t\t\t\t\t\t\t\t<\/div>\n\t\t\t\t<div class=\"elementor-element elementor-element-7175d90 elementor-widget__width-inherit elementor-widget elementor-widget-text-editor\" data-id=\"7175d90\" data-element_type=\"widget\" data-e-type=\"widget\" data-widget_type=\"text-editor.default\">\n\t\t\t\t\t\t\t\t\t<p>Paulina clarifies scope, difficulty and format.<\/p>\t\t\t\t\t\t\t\t<\/div>\n\t\t\t\t<div class=\"elementor-element elementor-element-89e7380 elementor-align-center elementor-icon-list--layout-traditional elementor-list-item-link-full_width elementor-widget elementor-widget-icon-list\" data-id=\"89e7380\" data-element_type=\"widget\" data-e-type=\"widget\" data-widget_type=\"icon-list.default\">\n\t\t\t\t\t\t\t<ul class=\"elementor-icon-list-items\">\n\t\t\t\t\t\t\t<li class=\"elementor-icon-list-item\">\n\t\t\t\t\t\t\t\t\t\t<span class=\"elementor-icon-list-text\">3.<\/span>\n\t\t\t\t\t\t\t\t\t<\/li>\n\t\t\t\t\t\t<\/ul>\n\t\t\t\t\t\t<\/div>\n\t\t\t\t<div class=\"elementor-element elementor-element-45e0363 elementor-widget elementor-widget-text-editor\" data-id=\"45e0363\" data-element_type=\"widget\" data-e-type=\"widget\" data-widget_type=\"text-editor.default\">\n\t\t\t\t\t\t\t\t\t<p>Download and teach.<\/p>\t\t\t\t\t\t\t\t<\/div>\n\t\t\t\t<div class=\"elementor-element elementor-element-5d03560 elementor-widget__width-initial elementor-widget elementor-widget-text-editor\" data-id=\"5d03560\" data-element_type=\"widget\" data-e-type=\"widget\" data-widget_type=\"text-editor.default\">\n\t\t\t\t\t\t\t\t\t<p>You get inspo and more for the next step with your class.<\/p>\t\t\t\t\t\t\t\t<\/div>\n\t\t\t\t<div class=\"elementor-element elementor-element-0ea5446 elementor-widget__width-inherit elementor-widget-mobile__width-initial elementor-widget elementor-widget-text-editor\" data-id=\"0ea5446\" data-element_type=\"widget\" data-e-type=\"widget\" data-widget_type=\"text-editor.default\">\n\t\t\t\t\t\t\t\t\t<p>Get editable Word docs:&nbsp;<\/p>\n<p>Lesson plan, exercises, solutions, case studies and so much more.<\/p>\n<p>Paulina proposes then further steps and documents to download.<\/p>\n<p>Or you click on \"something else\" and restart for something new to work on.<\/p>\t\t\t\t\t\t\t\t<\/div>\n\t\t\t\t<\/div>\n\t\t\t\t\t<\/div>\n\t\t\t\t<\/div>\n\t\t<div class=\"elementor-element elementor-element-bc5322d e-flex e-con-boxed e-con e-parent\" data-id=\"bc5322d\" data-element_type=\"container\" data-e-type=\"container\">\n\t\t\t\t\t<div class=\"e-con-inner\">\n\t\t\t\t\t<\/div>\n\t\t\t\t<\/div>\n\t\t\t\t<\/div>","protected":false},"excerpt":{"rendered":"<p>Drei Schritte. Das ist alles. 1. Sag Paulina was du brauchst. Fach, Thema, Klassenstufe.&nbsp; Eine zweite Arbeitssprache wenn du magst.&nbsp; 2. Sie fragt clever nach.\u00a0 Paulina kl\u00e4rt Bedarf, Differenzierungsgrad und Format. 3. Herunterladen und einfach unterrichten. So bekommst du Anregungen f\u00fcr den n\u00e4chsten Schritt mit deiner Klasse. Hol dir deine Word-Dokumente:&nbsp; Pl\u00e4ne, \u00dcbungen, Einleitungen, L\u00f6sungen, [&hellip;]<\/p>\n","protected":false},"author":1,"featured_media":0,"parent":0,"menu_order":0,"comment_status":"closed","ping_status":"closed","template":"","meta":{"_surecart_dashboard_logo_width":"180px","_surecart_dashboard_show_logo":true,"_surecart_dashboard_navigation_orders":true,"_surecart_dashboard_navigation_invoices":true,"_surecart_dashboard_navigation_subscriptions":true,"_surecart_dashboard_navigation_downloads":true,"_surecart_dashboard_navigation_billing":true,"_surecart_dashboard_navigation_account":true,"footnotes":""},"class_list":["post-16985","page","type-page","status-publish","hentry"],"_links":{"self":[{"href":"https:\/\/paulinagreen.com\/en\/wp-json\/wp\/v2\/pages\/16985","targetHints":{"allow":["GET"]}}],"collection":[{"href":"https:\/\/paulinagreen.com\/en\/wp-json\/wp\/v2\/pages"}],"about":[{"href":"https:\/\/paulinagreen.com\/en\/wp-json\/wp\/v2\/types\/page"}],"author":[{"embeddable":true,"href":"https:\/\/paulinagreen.com\/en\/wp-json\/wp\/v2\/users\/1"}],"replies":[{"embeddable":true,"href":"https:\/\/paulinagreen.com\/en\/wp-json\/wp\/v2\/comments?post=16985"}],"version-history":[{"count":106,"href":"https:\/\/paulinagreen.com\/en\/wp-json\/wp\/v2\/pages\/16985\/revisions"}],"predecessor-version":[{"id":25103,"href":"https:\/\/paulinagreen.com\/en\/wp-json\/wp\/v2\/pages\/16985\/revisions\/25103"}],"wp:attachment":[{"href":"https:\/\/paulinagreen.com\/en\/wp-json\/wp\/v2\/media?parent=16985"}],"curies":[{"name":"wp","href":"https:\/\/api.w.org\/{rel}","templated":true}]}}